{"id":401,"date":"2025-06-01T13:56:53","date_gmt":"2025-06-01T12:56:53","guid":{"rendered":"https:\/\/wp.tropen-tango.com\/?page_id=401"},"modified":"2025-07-27T14:22:43","modified_gmt":"2025-07-27T13:22:43","slug":"impressum","status":"publish","type":"page","link":"https:\/\/tropen-tango.de\/?page_id=401","title":{"rendered":"Impressum"},"content":{"rendered":"\t\t<div data-elementor-type=\"wp-page\" data-elementor-id=\"401\" class=\"elementor elementor-401\">\n\t\t\t\t<div class=\"elementor-element elementor-element-308fc20 e-con-full e-flex e-con e-parent\" data-id=\"308fc20\" data-element_type=\"container\">\n\t\t\t\t<div class=\"elementor-element elementor-element-9798db5 elementor-widget__width-inherit elementor-widget elementor-widget-image\" data-id=\"9798db5\" data-element_type=\"widget\" data-widget_type=\"image.default\">\n\t\t\t\t<div class=\"elementor-widget-container\">\n\t\t\t\t\t\t\t\t\t\t\t\t\t\t\t<img fetchpriority=\"high\" decoding=\"async\" width=\"1024\" height=\"187\" src=\"https:\/\/tropen-tango.de\/wp-content\/uploads\/2025\/05\/Banner-Website-1-1024x187.jpg\" class=\"attachment-large size-large wp-image-289\" alt=\"\" srcset=\"https:\/\/tropen-tango.de\/wp-content\/uploads\/2025\/05\/Banner-Website-1-1024x187.jpg 1024w, https:\/\/tropen-tango.de\/wp-content\/uploads\/2025\/05\/Banner-Website-1-300x55.jpg 300w, https:\/\/tropen-tango.de\/wp-content\/uploads\/2025\/05\/Banner-Website-1-768x140.jpg 768w, https:\/\/tropen-tango.de\/wp-content\/uploads\/2025\/05\/Banner-Website-1-1536x280.jpg 1536w, https:\/\/tropen-tango.de\/wp-content\/uploads\/2025\/05\/Banner-Website-1.jpg 1920w\" sizes=\"(max-width: 1024px) 100vw, 1024px\" \/>\t\t\t\t\t\t\t\t\t\t\t\t\t\t\t<\/div>\n\t\t\t\t<\/div>\n\t\t\t\t<\/div>\n\t\t<div class=\"elementor-element elementor-element-9bf1f8c e-flex e-con-boxed e-con e-parent\" data-id=\"9bf1f8c\" data-element_type=\"container\">\n\t\t\t\t\t<div class=\"e-con-inner\">\n\t\t\t\t<div class=\"elementor-element elementor-element-aa1019d elementor-widget elementor-widget-heading\" data-id=\"aa1019d\" data-element_type=\"widget\" data-widget_type=\"heading.default\">\n\t\t\t\t<div class=\"elementor-widget-container\">\n\t\t\t\t\t<h2 class=\"elementor-heading-title elementor-size-default\"><h1 style=\"font-size: 1.63636rem;font-style: normal;letter-spacing: normal\">IMPRESSUM<\/h1><\/h2>\t\t\t\t<\/div>\n\t\t\t\t<\/div>\n\t\t\t\t<div class=\"elementor-element elementor-element-2b49738 elementor-widget elementor-widget-text-editor\" data-id=\"2b49738\" data-element_type=\"widget\" data-widget_type=\"text-editor.default\">\n\t\t\t\t<div class=\"elementor-widget-container\">\n\t\t\t\t\t\t\t\t\t<p><strong>Kloster 9 e.V.<\/strong><br \/>Gegr\u00fcndet am 30.04.2009<br \/>In der Klosterstr. 9, 65391 Wollmerschied<br \/>In der N\u00e4he der Loreley<br \/>400 m hoch \u00fcber dem Rhein<br \/>200 Einwohner<\/p><p><strong>Vorstand<\/strong><br \/>Vorsitzende: Antonia Guth<br \/>Stellvertretende Vorsitzende: Thalja Illerhaus<br \/>Kassenwartin: Catherine Schneider<br \/>Schriftf\u00fchrerin: Rike Kochem<\/p><p>Kulturmanagement, Planung, Organisation: Jannis Kochem<br \/>Kassenwartin:\u00a0Catherine Schneider<\/p><p>\u00d6ffentlichkeitsarbeit und Web: Rike Kochem<\/p><p>Buchhaltung: Antonia Guth<\/p><p><strong>Gesch\u00e4ftsstelle:\u00a0<em>Klosterstr. 9,\u00a0<\/em><\/strong><br \/>65391 Wollmerschied,\u00a0<br \/>Tel. 06775-9609193,\u00a0<br \/>0157-51277749,\u00a0<br \/>FAX 06775-9609193,\u00a0<br \/>info@kloster9.de,<br \/>www.kloster9.de<br \/>Registergericht Wiesbaden VR 6356<\/p><p><b>Haftungsausschluss<\/b><\/p><p><b>Haftung f\u00fcr Links:<\/b><\/p><p>Unser Angebot enth\u00e4lt Links zu externen Webseiten Dritter, auf deren Inhalte wir keinen Einfluss haben. Deshalb k\u00f6nnen wir f\u00fcr diese fremden Inhalte auch keine Gew\u00e4hr \u00fcbernehmen. F\u00fcr die Inhalte der verlinkten Seiten ist stets der jeweilige Anbieter oder Betreiber der Seiten verantwortlich. Die verlinkten Seiten wurden zum Zeitpunkt der Verlinkung auf m\u00f6gliche Rechtsverst\u00f6\u00dfe \u00fcberpr\u00fcft. Rechtswidrige Inhalte waren zum Zeitpunkt der Verlinkung nicht erkennbar. Eine permanente inhaltliche Kontrolle der verlinkten Seiten ist jedoch ohne konkrete Anhaltspunkte einer Rechtsverletzung nicht zumutbar. Bei Bekanntwerden von Rechtsverletzungen werden wir derartige Links umgehend entfernen.<\/p><p><b>Haftung f\u00fcr Inhalt:<\/b><\/p><p>Die Inhalte unserer Seiten wurden mit gr\u00f6\u00dfter Sorgfalt erstellt. F\u00fcr die Richtigkeit, Vollst\u00e4ndigkeit und Aktualit\u00e4t der Inhalte k\u00f6nnen wir jedoch keine Gew\u00e4hr \u00fcbernehmen. Als Diensteanbieter sind wir gem\u00e4\u00df \u00a7 7 Abs.1 TMG f\u00fcr eigene Inhalte auf diesen Seiten nach den allgemeinen Gesetzen verantwortlich. Nach \u00a7 8 bis 10 TMG sind wir als Diensteanbieter jedoch nicht verpflichtet, \u00fcbermittelte oder gespeicherte fremde Informationen zu \u00fcberwachen oder nach Umst\u00e4nden zu forschen, die auf eine rechtswidrige T\u00e4tigkeit hinweisen. Verpflichtungen zur Entfernung oder Sperrung der Nutzung von Informationen nach den allgemeinen Gesetzen bleiben hiervon unber\u00fchrt. Eine diesbez\u00fcgliche Haftung ist jedoch erst ab dem Zeitpunkt der Kenntnis einer konkreten Rechtsverletzung m\u00f6glich. Bei Bekanntwerden von entsprechenden Rechtsverletzungen<\/p>\t\t\t\t\t\t\t\t<\/div>\n\t\t\t\t<\/div>\n\t\t\t\t\t<\/div>\n\t\t\t\t<\/div>\n\t\t\t\t<\/div>\n\t\t","protected":false},"excerpt":{"rendered":"<p>IMPRESSUM Kloster 9 e.V.Gegr\u00fcndet am 30.04.2009In der Klosterstr. 9, 65391 WollmerschiedIn der N\u00e4he der Loreley400 m hoch \u00fcber dem Rhein200 [&hellip;]<\/p>\n","protected":false},"author":1,"featured_media":0,"parent":0,"menu_order":0,"comment_status":"closed","ping_status":"closed","template":"","meta":{"site-sidebar-layout":"no-sidebar","site-content-layout":"","ast-site-content-layout":"full-width-container","site-content-style":"default","site-sidebar-style":"default","ast-global-header-display":"","ast-banner-title-visibility":"","ast-main-header-display":"","ast-hfb-above-header-display":"","ast-hfb-below-header-display":"","ast-hfb-mobile-header-display":"","site-post-title":"disabled","ast-breadcrumbs-content":"","ast-featured-img":"disabled","footer-sml-layout":"","theme-transparent-header-meta":"","adv-header-id-meta":"","stick-header-meta":"","header-above-stick-meta":"","header-main-stick-meta":"","header-below-stick-meta":"","astra-migrate-meta-layouts":"default","ast-page-background-enabled":"default","ast-page-background-meta":{"desktop":{"background-color":"var(--ast-global-color-5)","background-image":"","background-repeat":"repeat","background-position":"center center","background-size":"auto","background-attachment":"scroll","background-type":"","background-media":"","overlay-type":"","overlay-color":"","overlay-opacity":"","overlay-gradient":""},"tablet":{"background-color":"","background-image":"","background-repeat":"repeat","background-position":"center center","background-size":"auto","background-attachment":"scroll","background-type":"","background-media":"","overlay-type":"","overlay-color":"","overlay-opacity":"","overlay-gradient":""},"mobile":{"background-color":"","background-image":"","background-repeat":"repeat","background-position":"center center","background-size":"auto","background-attachment":"scroll","background-type":"","background-media":"","overlay-type":"","overlay-color":"","overlay-opacity":"","overlay-gradient":""}},"ast-content-background-meta":{"desktop":{"background-color":"var(--ast-global-color-4)","background-image":"","background-repeat":"repeat","background-position":"center center","background-size":"auto","background-attachment":"scroll","background-type":"","background-media":"","overlay-type":"","overlay-color":"","overlay-opacity":"","overlay-gradient":""},"tablet":{"background-color":"var(--ast-global-color-4)","background-image":"","background-repeat":"repeat","background-position":"center center","background-size":"auto","background-attachment":"scroll","background-type":"","background-media":"","overlay-type":"","overlay-color":"","overlay-opacity":"","overlay-gradient":""},"mobile":{"background-color":"var(--ast-global-color-4)","background-image":"","background-repeat":"repeat","background-position":"center center","background-size":"auto","background-attachment":"scroll","background-type":"","background-media":"","overlay-type":"","overlay-color":"","overlay-opacity":"","overlay-gradient":""}},"footnotes":""},"class_list":["post-401","page","type-page","status-publish","hentry"],"_links":{"self":[{"href":"https:\/\/tropen-tango.de\/index.php?rest_route=\/wp\/v2\/pages\/401","targetHints":{"allow":["GET"]}}],"collection":[{"href":"https:\/\/tropen-tango.de\/index.php?rest_route=\/wp\/v2\/pages"}],"about":[{"href":"https:\/\/tropen-tango.de\/index.php?rest_route=\/wp\/v2\/types\/page"}],"author":[{"embeddable":true,"href":"https:\/\/tropen-tango.de\/index.php?rest_route=\/wp\/v2\/users\/1"}],"replies":[{"embeddable":true,"href":"https:\/\/tropen-tango.de\/index.php?rest_route=%2Fwp%2Fv2%2Fcomments&post=401"}],"version-history":[{"count":19,"href":"https:\/\/tropen-tango.de\/index.php?rest_route=\/wp\/v2\/pages\/401\/revisions"}],"predecessor-version":[{"id":1405,"href":"https:\/\/tropen-tango.de\/index.php?rest_route=\/wp\/v2\/pages\/401\/revisions\/1405"}],"wp:attachment":[{"href":"https:\/\/tropen-tango.de\/index.php?rest_route=%2Fwp%2Fv2%2Fmedia&parent=401"}],"curies":[{"name":"wp","href":"https:\/\/api.w.org\/{rel}","templated":true}]}}